{"id":109,"date":"2023-04-07T13:52:05","date_gmt":"2023-04-07T11:52:05","guid":{"rendered":"http:\/\/www.mbvipstyleservices.hu\/?page_id=109"},"modified":"2024-06-12T21:33:32","modified_gmt":"2024-06-12T19:33:32","slug":"109-2","status":"publish","type":"page","link":"https:\/\/www.mbvipstyleservices.hu\/?page_id=109","title":{"rendered":""},"content":{"rendered":"\n<h2 class=\"wp-block-heading\">Mercedes V-Class<\/h2>\n\n\n\n<p><strong>Minibusz b\u00e9rl\u00e9s sof\u0151rrel.&nbsp;<\/strong><\/p>\n\n\n\n<p>Ez a business limuzin a sokoldal\u00fas\u00e1g cs\u00facsa. Nagyszer\u0171en \u00f6tv\u00f6zi egy limuzin k\u00e9nyelm\u00e9t egy minibusz hatalmas bels\u0151 tereivel. \u00dczleti partnereink \u00e9s turista vend\u00e9geink is sz\u00edvesen v\u00e1lasztj\u00e1k eleganci\u00e1ja, sokoldal\u00fas\u00e1ga \u00e9s m\u00e9retei miatt.<\/p>\n\n\n\n<p>F\u00e9r\u0151hely: <strong>1-7 f\u0151<\/strong><br>Budapest Liszt Ferenc Nemzetk\u00f6zi Rep\u00fcl\u0151t\u00e9r &#8211; Budapest belv\u00e1ros <strong>65\u20ac<\/strong> <strong>\/ 26 500 Ft<\/strong><br>Budapest belv\u00e1ros- Liszt Ferenc rep\u00fcl\u0151t\u00e9r <strong>60\u20ac \/ 24 500 Ft<\/strong><br>\u00d3rad\u00edj (<em>min. 2 \u00f3ra<\/em> ) <strong>39\u20ac<\/strong> <strong>\/ 14 800 Ft<\/strong><br>Napid\u00edj <em>&#8217;10 \u00f3ra&#8217;<\/em> (Budapest ter\u00fclet\u00e9n bel\u00fcl 80 km-ig) <strong>380\u20ac \/ 145 000 Ft<\/strong><br>Budapest-B\u00e9cs <strong>440\u20ac<\/strong> <strong>\/ 167 000 Ft<\/strong><br>Budapest-Scwechat Nemzetk\u00f6zi Rep\u00fcl\u0151t\u00e9r <strong>410\u20ac \/ 154 000 Ft<\/strong><br>Budapest-Pozsony <strong>350\u20ac<\/strong> <strong>\/ 133 000 Ft<\/strong><\/p>\n\n\n\n<p>\u00c9jszakai fel\u00e1r <strong>+20%<\/strong> (22:00-05:00)<\/p>\n\n\n<div id=\"grid-gallery-1-83980\" data-gg-id=\"1\" data-title=\"V-Class\" data-grid-type=\"2\" data-offset=\"5.3\" data-area-position=\"center\" data-icons=\"\" data-preloader=\"true\" data-width=\"auto\" data-height=\"215\" data-padding=\"0\" data-quicksand=\"disabled\" data-quicksand-duration=\"none\" data-popup-theme=\"theme_6\" data-popup-type=\"pretty-photo\" data-popup-captions=\"hide\" data-popup-image-text=\"data-description\" data-popup-widthsize=\"auto\" data-popup-heightsize=\"auto\" data-popup-i18n-words=\"{&quot;close&quot;:&quot;close&quot;,&quot;next&quot;:&quot;next&quot;,&quot;previous&quot;:&quot;previous&quot;,&quot;start_slideshow&quot;:&quot;start slideshow&quot;,&quot;stop_slideshow&quot;:&quot;stop slideshow&quot;,&quot;image&quot;:&quot;image&quot;,&quot;of&quot;:&quot;of&quot;,&quot;prev&quot;:&quot;prev&quot;,&quot;cExpand&quot;:&quot;Expand&quot;,&quot;cPrevious&quot;:&quot;Previous&quot;,&quot;cNext&quot;:&quot;Next&quot;,&quot;cExpandStr&quot;:&quot;Expand the image&quot;,&quot;cRotate&quot;:&quot;Rotate&quot;,&quot;cDetails&quot;:&quot;Details&quot;}\" data-popup-slideshow=\"true\" data-popup-slideshow-speed=\"2500\" data-popup-hoverstop=\"true\" data-popup-slideshow-auto=\"true\" data-popup-background=\"\" data-popup-transparency=\"30\" data-popup-disable-history=\"\" data-popup-disable-changed-url=\"\" data-popup-border-type=\"solid\" data-popup-border-color=\"\" data-popup-border-width=\"\" data-popup-border-enable=\"\" data-fullscreen=\"false\" data-hide-tooltip=\"false\" data-caption-font-family=\"Default\" data-caption-text-size=\"140\" data-is-mobile=\"0\" data-caption-mobile=\"false\" data-hide-long-tltp-title=\"1\" data-caption-disabled-on-mobile=\"false\" data-popup-placement-type=\"0\" data-social-sharing=\"{&quot;enabled&quot;:&quot;&quot;,&quot;gallerySharing&quot;:{&quot;enabled&quot;:null,&quot;position&quot;:null},&quot;imageSharing&quot;:{&quot;enabled&quot;:null,&quot;wrapperClass&quot;:&quot; vertical &quot;},&quot;popupSharing&quot;:{&quot;enabled&quot;:null,&quot;wrapperClass&quot;:&quot; vertical &quot;}}\" class=\"grid-gallery grid-gallery-fixed \" style=\" width:10000; height:auto; margin-left:auto; margin-right:auto;position:relative;\"> <div class=\"gallery-loading\"> <div class=\"blocks\"> <div class=\"block\"><\/div> <div class=\"block\"><\/div> <div class=\"block\"><\/div> <div class=\"block\"><\/div> <\/div> <\/div> <div class=\"gallery-sharing-top\" style=\"display:none;\"> <\/div> <div id=\"photos-1\" class=\"grid-gallery-photos\"><FIGURE class=\"grid-gallery-caption\" data-grid-gallery-type=\"quarter-two-step\" data-index=\"0\" style=\"display:none;border-radius:200;; margin:2.65px; height:2150; width:auto;\" ><div class=\"crop\" style=\"\"><img decoding=\"async\" src=\"https:\/\/www.mbvipstyleservices.hu\/wp-content\/uploads\/2023\/06\/image_50742017-scaled-161x215.jpg\" class=\"ggImg ggNotInitImg\" alt=\"image_50742017\" data-description=\"image_50742017\" data-caption=\"image_50742017\" data-title=\"image_50742017\" style=\" height:215px; width:auto;\" \/><\/div><FIGCAPTION class=\"\" data-alpha=\"5\" style=\"color:#ffffff; background-color:#0c0000; font-size:140; text-align:left; font-family:Default;\" ><div class=\"grid-gallery-figcaption-wrap\" style=\"\"><\/div><\/FIGCAPTION><\/FIGURE><FIGURE class=\"grid-gallery-caption\" data-grid-gallery-type=\"quarter-two-step\" data-index=\"1\" style=\"display:none;border-radius:200;; margin:2.65px; height:2150; width:auto;\" ><div class=\"crop\" style=\"\"><img decoding=\"async\" src=\"https:\/\/www.mbvipstyleservices.hu\/wp-content\/uploads\/2023\/06\/image_6487327-scaled-287x215.jpg\" class=\"ggImg ggNotInitImg\" alt=\"image_6487327\" data-description=\"image_6487327\" data-caption=\"image_6487327\" data-title=\"image_6487327\" style=\" height:215px; width:auto;\" \/><\/div><FIGCAPTION class=\"\" data-alpha=\"5\" style=\"color:#ffffff; background-color:#0c0000; font-size:140; text-align:left; font-family:Default;\" ><div class=\"grid-gallery-figcaption-wrap\" style=\"\"><\/div><\/FIGCAPTION><\/FIGURE><FIGURE class=\"grid-gallery-caption\" data-grid-gallery-type=\"quarter-two-step\" data-index=\"2\" style=\"display:none;border-radius:200;; margin:2.65px; height:2150; width:auto;\" ><div class=\"crop\" style=\"\"><img decoding=\"async\" src=\"https:\/\/www.mbvipstyleservices.hu\/wp-content\/uploads\/2023\/06\/4061562b-9188-4b19-af3f-876e98f335bd-1-287x215.jpg\" class=\"ggImg ggNotInitImg\" alt=\"4061562b-9188-4b19-af3f-876e98f335bd\" data-description=\"4061562b-9188-4b19-af3f-876e98f335bd\" data-caption=\"4061562b-9188-4b19-af3f-876e98f335bd\" data-title=\"4061562b-9188-4b19-af3f-876e98f335bd\" style=\" height:215px; width:auto;\" \/><\/div><FIGCAPTION class=\"\" data-alpha=\"5\" style=\"color:#ffffff; background-color:#0c0000; font-size:140; text-align:left; font-family:Default;\" ><div class=\"grid-gallery-figcaption-wrap\" style=\"\"><\/div><\/FIGCAPTION><\/FIGURE><FIGURE class=\"grid-gallery-caption\" data-grid-gallery-type=\"quarter-two-step\" data-index=\"3\" style=\"display:none;border-radius:200;; margin:2.65px; height:2150; width:auto;\" ><div class=\"crop\" style=\"\"><img decoding=\"async\" src=\"https:\/\/www.mbvipstyleservices.hu\/wp-content\/uploads\/2023\/06\/5e8b987d-1b7a-42c5-b9e6-8e891a527f8e-161x215.jpg\" class=\"ggImg ggNotInitImg\" alt=\"5e8b987d-1b7a-42c5-b9e6-8e891a527f8e\" data-description=\"5e8b987d-1b7a-42c5-b9e6-8e891a527f8e\" data-caption=\"5e8b987d-1b7a-42c5-b9e6-8e891a527f8e\" data-title=\"5e8b987d-1b7a-42c5-b9e6-8e891a527f8e\" style=\" height:215px; width:auto;\" \/><\/div><FIGCAPTION class=\"\" data-alpha=\"5\" style=\"color:#ffffff; background-color:#0c0000; font-size:140; text-align:left; font-family:Default;\" ><div class=\"grid-gallery-figcaption-wrap\" style=\"\"><\/div><\/FIGCAPTION><\/FIGURE><FIGURE class=\"grid-gallery-caption\" data-grid-gallery-type=\"quarter-two-step\" data-index=\"4\" style=\"display:none;border-radius:200;; margin:2.65px; height:2150; width:auto;\" ><div class=\"crop\" style=\"\"><img decoding=\"async\" src=\"https:\/\/www.mbvipstyleservices.hu\/wp-content\/uploads\/2023\/06\/f42bc4d8-d855-467d-8b78-b30ed8a97793-287x215.jpg\" class=\"ggImg ggNotInitImg\" alt=\"f42bc4d8-d855-467d-8b78-b30ed8a97793\" data-description=\"f42bc4d8-d855-467d-8b78-b30ed8a97793\" data-caption=\"f42bc4d8-d855-467d-8b78-b30ed8a97793\" data-title=\"f42bc4d8-d855-467d-8b78-b30ed8a97793\" style=\" height:215px; width:auto;\" \/><\/div><FIGCAPTION class=\"\" data-alpha=\"5\" style=\"color:#ffffff; background-color:#0c0000; font-size:140; text-align:left; font-family:Default;\" ><div class=\"grid-gallery-figcaption-wrap\" style=\"\"><\/div><\/FIGCAPTION><\/FIGURE><FIGURE class=\"grid-gallery-caption\" data-grid-gallery-type=\"quarter-two-step\" data-index=\"5\" style=\"display:none;border-radius:200;; margin:2.65px; height:2150; width:auto;\" ><div class=\"crop\" style=\"\"><img decoding=\"async\" src=\"https:\/\/www.mbvipstyleservices.hu\/wp-content\/uploads\/2023\/06\/f81dde84-6ca0-44db-ab0a-e8ff4cf20e30-1-161x215.jpg\" class=\"ggImg ggNotInitImg\" alt=\"f81dde84-6ca0-44db-ab0a-e8ff4cf20e30\" data-description=\"f81dde84-6ca0-44db-ab0a-e8ff4cf20e30\" data-caption=\"f81dde84-6ca0-44db-ab0a-e8ff4cf20e30\" data-title=\"f81dde84-6ca0-44db-ab0a-e8ff4cf20e30\" style=\" height:215px; width:auto;\" \/><\/div><FIGCAPTION class=\"\" data-alpha=\"5\" style=\"color:#ffffff; background-color:#0c0000; font-size:140; text-align:left; font-family:Default;\" ><div class=\"grid-gallery-figcaption-wrap\" style=\"\"><\/div><\/FIGCAPTION><\/FIGURE><FIGURE class=\"grid-gallery-caption\" data-grid-gallery-type=\"quarter-two-step\" data-index=\"6\" style=\"display:none;border-radius:200;; margin:2.65px; height:2150; width:auto;\" ><div class=\"crop\" style=\"\"><img decoding=\"async\" src=\"https:\/\/www.mbvipstyleservices.hu\/wp-content\/uploads\/2023\/06\/2a061bc5-9c31-4568-b137-70adea84bc2e-1-161x215.jpg\" class=\"ggImg ggNotInitImg\" alt=\"2a061bc5-9c31-4568-b137-70adea84bc2e\" data-description=\"2a061bc5-9c31-4568-b137-70adea84bc2e\" data-caption=\"2a061bc5-9c31-4568-b137-70adea84bc2e\" data-title=\"2a061bc5-9c31-4568-b137-70adea84bc2e\" style=\" height:215px; width:auto;\" \/><\/div><FIGCAPTION class=\"\" data-alpha=\"5\" style=\"color:#ffffff; background-color:#0c0000; font-size:140; text-align:left; font-family:Default;\" ><div class=\"grid-gallery-figcaption-wrap\" style=\"\"><\/div><\/FIGCAPTION><\/FIGURE> <div class=\"grid-gallery-clearfix\"><\/div> <\/div> <div class=\"gallery-sharing-bottom\" style=\"display:none;\"> <\/div> <div class=\"gallery-sharing-image\" style=\"display:none;\"> <\/div> <div class=\"gallery-sharing-popup\" style=\"display:none;\"> <\/div> <div class=\"grid-gallery-clearfix\"><\/div> <\/div> <!-- Gallery by Supsystic plugin1.16.0 --><a title=\"WordPress Gallery Plugin\" style=\"display:none;\" href=\"https:\/\/supsystic.com\/plugins\/photo-gallery\/?utm_medium=love_link\" target=\"_blank\">WordPress Gallery Plugin<\/a>\n","protected":false},"excerpt":{"rendered":"<p>Mercedes V-Class Minibusz b\u00e9rl\u00e9s sof\u0151rrel.&nbsp; Ez a business limuzin a sokoldal\u00fas\u00e1g cs\u00facsa. Nagyszer\u0171en \u00f6tv\u00f6zi egy limuzin k\u00e9nyelm\u00e9t egy minibusz hatalmas<\/p>\n<p><a href=\"https:\/\/www.mbvipstyleservices.hu\/?page_id=109\" class=\"more-link\">Continue reading<span class=\"screen-reader-text\"><\/span><\/a><\/p>\n","protected":false},"author":1,"featured_media":0,"parent":0,"menu_order":0,"comment_status":"closed","ping_status":"closed","template":"","meta":{"_monsterinsights_skip_tracking":false,"_monsterinsights_sitenote_active":false,"_monsterinsights_sitenote_note":"","_monsterinsights_sitenote_category":0,"footnotes":""},"class_list":["post-109","page","type-page","status-publish","hentry"],"a3_pvc":{"activated":false,"total_views":0,"today_views":0},"_links":{"self":[{"href":"https:\/\/www.mbvipstyleservices.hu\/index.php?rest_route=\/wp\/v2\/pages\/109","targetHints":{"allow":["GET"]}}],"collection":[{"href":"https:\/\/www.mbvipstyleservices.hu\/index.php?rest_route=\/wp\/v2\/pages"}],"about":[{"href":"https:\/\/www.mbvipstyleservices.hu\/index.php?rest_route=\/wp\/v2\/types\/page"}],"author":[{"embeddable":true,"href":"https:\/\/www.mbvipstyleservices.hu\/index.php?rest_route=\/wp\/v2\/users\/1"}],"replies":[{"embeddable":true,"href":"https:\/\/www.mbvipstyleservices.hu\/index.php?rest_route=%2Fwp%2Fv2%2Fcomments&post=109"}],"version-history":[{"count":12,"href":"https:\/\/www.mbvipstyleservices.hu\/index.php?rest_route=\/wp\/v2\/pages\/109\/revisions"}],"predecessor-version":[{"id":379,"href":"https:\/\/www.mbvipstyleservices.hu\/index.php?rest_route=\/wp\/v2\/pages\/109\/revisions\/379"}],"wp:attachment":[{"href":"https:\/\/www.mbvipstyleservices.hu\/index.php?rest_route=%2Fwp%2Fv2%2Fmedia&parent=109"}],"curies":[{"name":"wp","href":"https:\/\/api.w.org\/{rel}","templated":true}]}}