{"id":161,"date":"2023-04-07T17:42:21","date_gmt":"2023-04-07T15:42:21","guid":{"rendered":"http:\/\/www.mbvipstyleservices.hu\/?page_id=161"},"modified":"2023-07-27T20:25:14","modified_gmt":"2023-07-27T18:25:14","slug":"161-2","status":"publish","type":"page","link":"https:\/\/www.mbvipstyleservices.hu\/?page_id=161","title":{"rendered":""},"content":{"rendered":"\n<h2 class=\"wp-block-heading\">Mercedes S-Class<\/h2>\n\n\n\n<p>Az eleg\u00e1ns \u00e9s tisztelet parancsol\u00f3 Mercedes Benz S oszt\u00e1ly\u00e1val utazni mindig k\u00fcl\u00f6nleges \u00e9lm\u00e9ny.<\/p>\n\n\n\n<p>Pr\u00e9mium \u00fcgyfeleink kedvenc v\u00e1laszt\u00e1sa. A reprezentat\u00edv megjelen\u00e9s garant\u00e1lt, legyen sz\u00f3 esk\u00fcv\u0151r\u0151l vagy b\u00e1rmilyen esem\u00e9nyr\u0151l, tal\u00e1lkoz\u00f3r\u00f3l.<\/p>\n\n\n\n<p>Budapest Liszt Ferenc Nemzetk\u00f6zi Rep\u00fcl\u0151t\u00e9r &#8211; Budapest belv\u00e1ros <strong>100\u20ac \/ 38 000 Ft<\/strong><br>\u00d3rad\u00edj (min 3 \u00f3ra) <strong>80\u20ac \/ 30 000 Ft<\/strong><br>Eg\u00e9sznap (8-10 \u00f3ra) <strong>500\u20ac \/ 190 000 Ft<\/strong><br>Budapest-B\u00e9cs <strong>550\u20ac \/ 209 000 Ft<\/strong><br>Budapest-Scwechat Nemzetk\u00f6zi Rep\u00fcl\u0151t\u00e9r <strong>500\u20ac \/ 190 000 Ft<\/strong><br>Budapest-Pozsony <strong>440\u20ac \/ 167 000 Ft<\/strong><\/p>\n\n\n<div id=\"grid-gallery-3-91133\" data-gg-id=\"3\" data-title=\"S-Class\" data-grid-type=\"2\" data-offset=\"5.3\" data-area-position=\"center\" data-icons=\"\" data-preloader=\"true\" data-width=\"auto\" data-height=\"215\" data-padding=\"0\" data-quicksand=\"disabled\" data-quicksand-duration=\"none\" data-popup-theme=\"theme_6\" data-popup-type=\"pretty-photo\" data-popup-captions=\"hide\" data-popup-image-text=\"data-description\" data-popup-widthsize=\"auto\" data-popup-heightsize=\"auto\" data-popup-i18n-words=\"{&quot;close&quot;:&quot;close&quot;,&quot;next&quot;:&quot;next&quot;,&quot;previous&quot;:&quot;previous&quot;,&quot;start_slideshow&quot;:&quot;start slideshow&quot;,&quot;stop_slideshow&quot;:&quot;stop slideshow&quot;,&quot;image&quot;:&quot;image&quot;,&quot;of&quot;:&quot;of&quot;,&quot;prev&quot;:&quot;prev&quot;,&quot;cExpand&quot;:&quot;Expand&quot;,&quot;cPrevious&quot;:&quot;Previous&quot;,&quot;cNext&quot;:&quot;Next&quot;,&quot;cExpandStr&quot;:&quot;Expand the image&quot;,&quot;cRotate&quot;:&quot;Rotate&quot;,&quot;cDetails&quot;:&quot;Details&quot;}\" data-popup-slideshow=\"false\" data-popup-slideshow-speed=\"2500\" data-popup-hoverstop=\"true\" data-popup-slideshow-auto=\"false\" data-popup-background=\"\" data-popup-transparency=\"30\" data-popup-disable-history=\"\" data-popup-disable-changed-url=\"\" data-popup-border-type=\"solid\" data-popup-border-color=\"\" data-popup-border-width=\"\" data-popup-border-enable=\"\" data-fullscreen=\"false\" data-hide-tooltip=\"false\" data-caption-font-family=\"Default\" data-caption-text-size=\"140\" data-is-mobile=\"0\" data-caption-mobile=\"false\" data-hide-long-tltp-title=\"1\" data-caption-disabled-on-mobile=\"false\" data-popup-placement-type=\"0\" data-social-sharing=\"{&quot;enabled&quot;:&quot;&quot;,&quot;gallerySharing&quot;:{&quot;enabled&quot;:null,&quot;position&quot;:null},&quot;imageSharing&quot;:{&quot;enabled&quot;:null,&quot;wrapperClass&quot;:&quot; vertical &quot;},&quot;popupSharing&quot;:{&quot;enabled&quot;:null,&quot;wrapperClass&quot;:&quot; vertical &quot;}}\" class=\"grid-gallery grid-gallery-fixed \" style=\" width:100%; height:auto; margin-left:auto; margin-right:auto;position:relative;\"> <div class=\"gallery-loading\"> <div class=\"blocks\"> <div class=\"block\"><\/div> <div class=\"block\"><\/div> <div class=\"block\"><\/div> <div class=\"block\"><\/div> <\/div> <\/div> <div class=\"gallery-sharing-top\" style=\"display:none;\"> <\/div> <div id=\"photos-3\" class=\"grid-gallery-photos\"><FIGURE class=\"grid-gallery-caption\" data-grid-gallery-type=\"quarter-two-step\" data-index=\"0\" style=\"display:none;border-radius:200;; margin:2.65px; height:2150; width:auto;\" ><div class=\"crop\" style=\"\"><img decoding=\"async\" src=\"https:\/\/www.mbvipstyleservices.hu\/wp-content\/uploads\/2023\/06\/3f8e98da-f2ba-4afe-b8f3-c2aa3e9b0aaa-215x215.jpg\" class=\"ggImg ggNotInitImg\" alt=\"3f8e98da-f2ba-4afe-b8f3-c2aa3e9b0aaa\" data-description=\"3f8e98da-f2ba-4afe-b8f3-c2aa3e9b0aaa\" data-caption=\"3f8e98da-f2ba-4afe-b8f3-c2aa3e9b0aaa\" data-title=\"3f8e98da-f2ba-4afe-b8f3-c2aa3e9b0aaa\" style=\" height:215px; width:auto;\" \/><\/div><FIGCAPTION class=\"\" data-alpha=\"5\" style=\"color:#ffffff; background-color:#0c0000; font-size:140; text-align:left; font-family:Default;\" ><div class=\"grid-gallery-figcaption-wrap\" style=\"\"><\/div><\/FIGCAPTION><\/FIGURE><FIGURE class=\"grid-gallery-caption\" data-grid-gallery-type=\"quarter-two-step\" data-index=\"1\" style=\"display:none;border-radius:200;; margin:2.65px; height:2150; width:auto;\" ><div class=\"crop\" style=\"\"><img decoding=\"async\" src=\"https:\/\/www.mbvipstyleservices.hu\/wp-content\/uploads\/2023\/06\/6e1f5537-07de-4fd1-8d6e-234ea0472a40-383x215.jpg\" class=\"ggImg ggNotInitImg\" alt=\"6e1f5537-07de-4fd1-8d6e-234ea0472a40\" data-description=\"6e1f5537-07de-4fd1-8d6e-234ea0472a40\" data-caption=\"6e1f5537-07de-4fd1-8d6e-234ea0472a40\" data-title=\"6e1f5537-07de-4fd1-8d6e-234ea0472a40\" style=\" height:215px; width:auto;\" \/><\/div><FIGCAPTION class=\"\" data-alpha=\"5\" style=\"color:#ffffff; background-color:#0c0000; font-size:140; text-align:left; font-family:Default;\" ><div class=\"grid-gallery-figcaption-wrap\" style=\"\"><\/div><\/FIGCAPTION><\/FIGURE><FIGURE class=\"grid-gallery-caption\" data-grid-gallery-type=\"quarter-two-step\" data-index=\"2\" style=\"display:none;border-radius:200;; margin:2.65px; height:2150; width:auto;\" ><div class=\"crop\" style=\"\"><img decoding=\"async\" src=\"https:\/\/www.mbvipstyleservices.hu\/wp-content\/uploads\/2023\/06\/93e90500-cd06-438a-b58b-70455487140e-215x215.jpg\" class=\"ggImg ggNotInitImg\" alt=\"93e90500-cd06-438a-b58b-70455487140e\" data-description=\"93e90500-cd06-438a-b58b-70455487140e\" data-caption=\"93e90500-cd06-438a-b58b-70455487140e\" data-title=\"93e90500-cd06-438a-b58b-70455487140e\" style=\" height:215px; width:auto;\" \/><\/div><FIGCAPTION class=\"\" data-alpha=\"5\" style=\"color:#ffffff; background-color:#0c0000; font-size:140; text-align:left; font-family:Default;\" ><div class=\"grid-gallery-figcaption-wrap\" style=\"\"><\/div><\/FIGCAPTION><\/FIGURE><FIGURE class=\"grid-gallery-caption\" data-grid-gallery-type=\"quarter-two-step\" data-index=\"3\" style=\"display:none;border-radius:200;; margin:2.65px; height:2150; width:auto;\" ><div class=\"crop\" style=\"\"><img decoding=\"async\" src=\"https:\/\/www.mbvipstyleservices.hu\/wp-content\/uploads\/2023\/06\/340f927d-bf70-4568-bd85-9094a8ac18eb-322x215.jpg\" class=\"ggImg ggNotInitImg\" alt=\"340f927d-bf70-4568-bd85-9094a8ac18eb\" data-description=\"340f927d-bf70-4568-bd85-9094a8ac18eb\" data-caption=\"340f927d-bf70-4568-bd85-9094a8ac18eb\" data-title=\"340f927d-bf70-4568-bd85-9094a8ac18eb\" style=\" height:215px; width:auto;\" \/><\/div><FIGCAPTION class=\"\" data-alpha=\"5\" style=\"color:#ffffff; background-color:#0c0000; font-size:140; text-align:left; font-family:Default;\" ><div class=\"grid-gallery-figcaption-wrap\" style=\"\"><\/div><\/FIGCAPTION><\/FIGURE><FIGURE class=\"grid-gallery-caption\" data-grid-gallery-type=\"quarter-two-step\" data-index=\"4\" style=\"display:none;border-radius:200;; margin:2.65px; height:2150; width:auto;\" ><div class=\"crop\" style=\"\"><img decoding=\"async\" src=\"https:\/\/www.mbvipstyleservices.hu\/wp-content\/uploads\/2023\/06\/f48e060f-df76-4d8c-8c7e-5677cdf1ffe1-323x215.jpg\" class=\"ggImg ggNotInitImg\" alt=\"f48e060f-df76-4d8c-8c7e-5677cdf1ffe1\" data-description=\"f48e060f-df76-4d8c-8c7e-5677cdf1ffe1\" data-caption=\"f48e060f-df76-4d8c-8c7e-5677cdf1ffe1\" data-title=\"f48e060f-df76-4d8c-8c7e-5677cdf1ffe1\" style=\" height:215px; width:auto;\" \/><\/div><FIGCAPTION class=\"\" data-alpha=\"5\" style=\"color:#ffffff; background-color:#0c0000; font-size:140; text-align:left; font-family:Default;\" ><div class=\"grid-gallery-figcaption-wrap\" style=\"\"><\/div><\/FIGCAPTION><\/FIGURE> <div class=\"grid-gallery-clearfix\"><\/div> <\/div> <div class=\"gallery-sharing-bottom\" style=\"display:none;\"> <\/div> <div class=\"gallery-sharing-image\" style=\"display:none;\"> <\/div> <div class=\"gallery-sharing-popup\" style=\"display:none;\"> <\/div> <div class=\"grid-gallery-clearfix\"><\/div> <\/div> <!-- Gallery by Supsystic plugin1.16.0 --><a title=\"WordPress Gallery Plugin\" style=\"display:none;\" href=\"https:\/\/supsystic.com\/plugins\/photo-gallery\/?utm_medium=love_link\" target=\"_blank\">WordPress Gallery Plugin<\/a>\n","protected":false},"excerpt":{"rendered":"<p>Mercedes S-Class Az eleg\u00e1ns \u00e9s tisztelet parancsol\u00f3 Mercedes Benz S oszt\u00e1ly\u00e1val utazni mindig k\u00fcl\u00f6nleges \u00e9lm\u00e9ny. Pr\u00e9mium \u00fcgyfeleink kedvenc v\u00e1laszt\u00e1sa. A<\/p>\n<p><a href=\"https:\/\/www.mbvipstyleservices.hu\/?page_id=161\" class=\"more-link\">Continue reading<span class=\"screen-reader-text\"><\/span><\/a><\/p>\n","protected":false},"author":1,"featured_media":0,"parent":0,"menu_order":0,"comment_status":"closed","ping_status":"closed","template":"","meta":{"_monsterinsights_skip_tracking":false,"_monsterinsights_sitenote_active":false,"_monsterinsights_sitenote_note":"","_monsterinsights_sitenote_category":0,"footnotes":""},"class_list":["post-161","page","type-page","status-publish","hentry"],"a3_pvc":{"activated":false,"total_views":0,"today_views":0},"_links":{"self":[{"href":"https:\/\/www.mbvipstyleservices.hu\/index.php?rest_route=\/wp\/v2\/pages\/161","targetHints":{"allow":["GET"]}}],"collection":[{"href":"https:\/\/www.mbvipstyleservices.hu\/index.php?rest_route=\/wp\/v2\/pages"}],"about":[{"href":"https:\/\/www.mbvipstyleservices.hu\/index.php?rest_route=\/wp\/v2\/types\/page"}],"author":[{"embeddable":true,"href":"https:\/\/www.mbvipstyleservices.hu\/index.php?rest_route=\/wp\/v2\/users\/1"}],"replies":[{"embeddable":true,"href":"https:\/\/www.mbvipstyleservices.hu\/index.php?rest_route=%2Fwp%2Fv2%2Fcomments&post=161"}],"version-history":[{"count":5,"href":"https:\/\/www.mbvipstyleservices.hu\/index.php?rest_route=\/wp\/v2\/pages\/161\/revisions"}],"predecessor-version":[{"id":368,"href":"https:\/\/www.mbvipstyleservices.hu\/index.php?rest_route=\/wp\/v2\/pages\/161\/revisions\/368"}],"wp:attachment":[{"href":"https:\/\/www.mbvipstyleservices.hu\/index.php?rest_route=%2Fwp%2Fv2%2Fmedia&parent=161"}],"curies":[{"name":"wp","href":"https:\/\/api.w.org\/{rel}","templated":true}]}}