{"id":2,"date":"2023-04-03T13:30:51","date_gmt":"2023-04-03T11:30:51","guid":{"rendered":"http:\/\/www.mbvipstyleservices.hu\/?page_id=2"},"modified":"2023-07-27T20:11:47","modified_gmt":"2023-07-27T18:11:47","slug":"ez-egy-minta-oldal","status":"publish","type":"page","link":"https:\/\/www.mbvipstyleservices.hu\/","title":{"rendered":""},"content":{"rendered":"\n<h4 class=\"wp-block-heading has-text-align-center\">Exclusive szem\u00e9lysz\u00e1ll\u00edt\u00e1s<\/h4>\n\n\n\n<p><strong>Tisztelt l\u00e1togat\u00f3!<\/strong><\/p>\n\n\n\n<p>V\u00e1llalkoz\u00e1sunk 20 \u00e9ve dolgozik a turizmusban szem\u00e9lyg\u00e9pkocsis szem\u00e9lysz\u00e1ll\u00edt\u00f3k\u00e9nt. Vend\u00e9geink legmagasabb szinvonal\u00fa kiszolg\u00e1l\u00e1s\u00e1ban vagyunk \u00e9rdekeltek.<\/p>\n\n\n\n<p>J\u00e1rm\u0171veink kiz\u00e1r\u00f3lag Mercedes V, E \u00e9s S oszt\u00e1lyok, minden ig\u00e9nyt kiel\u00e9g\u00edt\u0151en vannak felszerelve. A szolg\u00e1ltat\u00e1s alap r\u00e9sz\u00e9t k\u00e9pezik a wifi, v\u00edz, nedves t\u00f6rl\u0151kend\u0151 bek\u00e9sz\u00edt\u00e9s minden transzferhez.<\/p>\n\n\n\n<p>G\u00e9pkocsivezet\u0151ink angolul besz\u00e8lnek.<\/p>\n\n\n\n<p>V\u00e1llaljuk egy\u00e9nileg utaz\u00f3 turist\u00e1k, \u00fczletemberek szem\u00e9lysz\u00e1ll\u00edt\u00e1s\u00e1t Magyarorsz\u00e1gon \u00e9s k\u00fclf\u00f6ld\u00f6n egyar\u00e1nt, rep\u00fcl\u0151t\u00e9ri transzferek, v\u00e1rosn\u00e9z\u00e9sek, eg\u00e9sznapos programok professzion\u00e1lis lebonyol\u00edt\u00e1s\u00e1t.<\/p>\n\n\n\n<p>Priv\u00e1t sof\u0151r Budapest. B\u00edzza r\u00e1nk \u00fczleti partner\u00e9t, vend\u00e9geit m\u00e1r a Liszt Ferenc Nemzetk\u00f6zi Rep\u00fcl\u0151t\u00e9ren.<br>Pr\u00e9mium VIP szerv\u00edz\u00fcnkkel a reprezentat\u00edv megjelen\u00e9s garant\u00e1lt.<br>A j\u00e1ratokat speci\u00e1lis applik\u00e1ci\u00f3 seg\u00edts\u00e9g\u00e9vel k\u00f6vetj\u00fck. Nincs meglepet\u00e9s, ha k\u00e9sik vagy ha kor\u00e1bban \u00e9rkezik a rep\u00fcl\u0151g\u00e9p. Mi v\u00e1rni fogjuk a rep\u00fcl\u0151t\u00e9r hallj\u00e1ban n\u00e9vt\u00e1bl\u00e1val vagy c\u00e9ges log\u00f3val.<br>Kisbusz b\u00e9rl\u00e9s sof\u0151rrel.<\/p>\n\n\n\n<p>A rept\u00e9ri transzferek eset\u00e9ben sem parkol\u00e1si sem v\u00e1rakoz\u00e1si d\u00edjat nem \u00e9rv\u00e9nyes\u00edt\u00fcnk \u00e1rainkban. Vid\u00e9ki, k\u00fclf\u00f6ldi fuvarok eset\u00e9ben 320 Ft\/km vagy megegyez\u00e9s szerinti transzfer \u00e1r. Egyes megrendel\u00e9sekn\u00e9l ki\u00e1ll\u00e1si d\u00edjat (30\u20ac) sz\u00e1m\u00edtunk fel, azonban \u00e1raink tov\u00e1bbi \u00e9s rejtett k\u00f6lts\u00e9gekt\u0151l mentesek. Eg\u00e9sznapos, t\u00f6bbnapos elfoglalts\u00e1gok, hosszabb utak eset\u00e9n kedvezm\u00e9nyt biztos\u00edtunk \u00fcgyfeleinknek.<\/p>\n\n\n\n<p>K\u00e9rem \u00e9rdekl\u0151dj\u00f6n, keressen minket bizalommal!<\/p>\n\n\n\n<div style=\"height:100px\" aria-hidden=\"true\" class=\"wp-block-spacer\"><\/div>\n\n\n<div class=\"pvc_clear\"><\/div><p id=\"pvc_stats_2\" class=\"pvc_stats total_only  pvc_load_by_ajax_update\" data-element-id=\"2\" style=\"\"><i class=\"pvc-stats-icon medium\" aria-hidden=\"true\"><svg aria-hidden=\"true\" focusable=\"false\" data-prefix=\"far\" data-icon=\"chart-bar\" role=\"img\" xmlns=\"http:\/\/www.w3.org\/2000\/svg\" viewBox=\"0 0 512 512\" class=\"svg-inline--fa fa-chart-bar fa-w-16 fa-2x\"><path fill=\"currentColor\" d=\"M396.8 352h22.4c6.4 0 12.8-6.4 12.8-12.8V108.8c0-6.4-6.4-12.8-12.8-12.8h-22.4c-6.4 0-12.8 6.4-12.8 12.8v230.4c0 6.4 6.4 12.8 12.8 12.8zm-192 0h22.4c6.4 0 12.8-6.4 12.8-12.8V140.8c0-6.4-6.4-12.8-12.8-12.8h-22.4c-6.4 0-12.8 6.4-12.8 12.8v198.4c0 6.4 6.4 12.8 12.8 12.8zm96 0h22.4c6.4 0 12.8-6.4 12.8-12.8V204.8c0-6.4-6.4-12.8-12.8-12.8h-22.4c-6.4 0-12.8 6.4-12.8 12.8v134.4c0 6.4 6.4 12.8 12.8 12.8zM496 400H48V80c0-8.84-7.16-16-16-16H16C7.16 64 0 71.16 0 80v336c0 17.67 14.33 32 32 32h464c8.84 0 16-7.16 16-16v-16c0-8.84-7.16-16-16-16zm-387.2-48h22.4c6.4 0 12.8-6.4 12.8-12.8v-70.4c0-6.4-6.4-12.8-12.8-12.8h-22.4c-6.4 0-12.8 6.4-12.8 12.8v70.4c0 6.4 6.4 12.8 12.8 12.8z\" class=\"\"><\/path><\/svg><\/i> <img loading=\"lazy\" decoding=\"async\" width=\"16\" height=\"16\" alt=\"Loading\" src=\"https:\/\/www.mbvipstyleservices.hu\/wp-content\/plugins\/page-views-count\/ajax-loader-2x.gif\" border=0 \/><\/p><div class=\"pvc_clear\"><\/div>\n","protected":false},"excerpt":{"rendered":"<p>Exclusive szem\u00e9lysz\u00e1ll\u00edt\u00e1s Tisztelt l\u00e1togat\u00f3! V\u00e1llalkoz\u00e1sunk 20 \u00e9ve dolgozik a turizmusban szem\u00e9lyg\u00e9pkocsis szem\u00e9lysz\u00e1ll\u00edt\u00f3k\u00e9nt. Vend\u00e9geink legmagasabb szinvonal\u00fa kiszolg\u00e1l\u00e1s\u00e1ban vagyunk \u00e9rdekeltek. J\u00e1rm\u0171veink kiz\u00e1r\u00f3lag<\/p>\n<p><a href=\"https:\/\/www.mbvipstyleservices.hu\/\" class=\"more-link\">Continue reading<span class=\"screen-reader-text\"><\/span><\/a><\/p>\n","protected":false},"author":1,"featured_media":0,"parent":0,"menu_order":0,"comment_status":"closed","ping_status":"open","template":"","meta":{"_monsterinsights_skip_tracking":false,"_monsterinsights_sitenote_active":false,"_monsterinsights_sitenote_note":"","_monsterinsights_sitenote_category":0,"footnotes":""},"class_list":["post-2","page","type-page","status-publish","hentry"],"a3_pvc":{"activated":false,"total_views":4015,"today_views":3},"_links":{"self":[{"href":"https:\/\/www.mbvipstyleservices.hu\/index.php?rest_route=\/wp\/v2\/pages\/2","targetHints":{"allow":["GET"]}}],"collection":[{"href":"https:\/\/www.mbvipstyleservices.hu\/index.php?rest_route=\/wp\/v2\/pages"}],"about":[{"href":"https:\/\/www.mbvipstyleservices.hu\/index.php?rest_route=\/wp\/v2\/types\/page"}],"author":[{"embeddable":true,"href":"https:\/\/www.mbvipstyleservices.hu\/index.php?rest_route=\/wp\/v2\/users\/1"}],"replies":[{"embeddable":true,"href":"https:\/\/www.mbvipstyleservices.hu\/index.php?rest_route=%2Fwp%2Fv2%2Fcomments&post=2"}],"version-history":[{"count":10,"href":"https:\/\/www.mbvipstyleservices.hu\/index.php?rest_route=\/wp\/v2\/pages\/2\/revisions"}],"predecessor-version":[{"id":366,"href":"https:\/\/www.mbvipstyleservices.hu\/index.php?rest_route=\/wp\/v2\/pages\/2\/revisions\/366"}],"wp:attachment":[{"href":"https:\/\/www.mbvipstyleservices.hu\/index.php?rest_route=%2Fwp%2Fv2%2Fmedia&parent=2"}],"curies":[{"name":"wp","href":"https:\/\/api.w.org\/{rel}","templated":true}]}}